{"id":77342,"date":"2019-04-01T14:46:13","date_gmt":"2019-04-01T12:46:13","guid":{"rendered":"https:\/\/www.unisg.it\/master-agroecology-food-sovereignty\/"},"modified":"2025-03-24T09:24:09","modified_gmt":"2025-03-24T08:24:09","slug":"master-en-agroecologia-y-soberania-alimentaria","status":"publish","type":"page","link":"https:\/\/www.unisg.it\/es\/master-en-agroecologia-y-soberania-alimentaria\/","title":{"rendered":"M\u00e1ster en Agroecolog\u00eda y Soberan\u00eda Alimentaria"},"content":{"rendered":"","protected":false},"excerpt":{"rendered":"","protected":false},"author":22331,"featured_media":0,"parent":0,"menu_order":1,"comment_status":"closed","ping_status":"closed","template":"template-corso-landing.php","meta":{"_seopress_robots_primary_cat":"0","_seopress_titles_title":"%%title%%","_seopress_titles_desc":"","_seopress_robots_index":"","footnotes":""},"class_list":["post-77342","page","type-page","status-publish","hentry"],"_links":{"self":[{"href":"https:\/\/www.unisg.it\/es\/wp-json\/wp\/v2\/pages\/77342","targetHints":{"allow":["GET"]}}],"collection":[{"href":"https:\/\/www.unisg.it\/es\/wp-json\/wp\/v2\/pages"}],"about":[{"href":"https:\/\/www.unisg.it\/es\/wp-json\/wp\/v2\/types\/page"}],"author":[{"embeddable":true,"href":"https:\/\/www.unisg.it\/es\/wp-json\/wp\/v2\/users\/22331"}],"replies":[{"embeddable":true,"href":"https:\/\/www.unisg.it\/es\/wp-json\/wp\/v2\/comments?post=77342"}],"version-history":[{"count":10,"href":"https:\/\/www.unisg.it\/es\/wp-json\/wp\/v2\/pages\/77342\/revisions"}],"predecessor-version":[{"id":93330,"href":"https:\/\/www.unisg.it\/es\/wp-json\/wp\/v2\/pages\/77342\/revisions\/93330"}],"wp:attachment":[{"href":"https:\/\/www.unisg.it\/es\/wp-json\/wp\/v2\/media?parent=77342"}],"curies":[{"name":"wp","href":"https:\/\/api.w.org\/{rel}","templated":true}]}}