{"id":72004,"date":"2023-07-20T09:45:41","date_gmt":"2023-07-20T07:45:41","guid":{"rendered":"https:\/\/www.unisg.it\/alumni-network\/stories\/elena-tirone-unisg-alumna-and-private-label-manager-at-cortilia\/"},"modified":"2023-07-20T09:45:41","modified_gmt":"2023-07-20T07:45:41","slug":"elena-tirone-unisg-alumna-and-private-label-manager-at-cortilia","status":"publish","type":"page","link":"https:\/\/www.unisg.it\/en\/alumni-network\/stories\/elena-tirone-unisg-alumna-and-private-label-manager-at-cortilia\/","title":{"rendered":"Elena Tirone, UNISG Alumna and Private Label Manager at Cortilia"},"content":{"rendered":"<p><iframe loading=\"lazy\" title=\"Elena Tirone - UNISG Alumna @cortiliait\" width=\"500\" height=\"281\" src=\"https:\/\/www.youtube.com\/embed\/dRMnd-918cI?rel=0&showinfo=0\" frameborder=\"0\" allow=\"accelerometer; autoplay; clipboard-write; encrypted-media; gyroscope; picture-in-picture; web-share\" referrerpolicy=\"strict-origin-when-cross-origin\" allowfullscreen><\/iframe><\/p>\n<p>&nbsp;<\/p>\n<h5><strong>Leggi l'intervista in italiano<\/strong> (English below)<\/h5>\n<hr \/>\n<p><span style=\"font-weight: 400;\">La mia passione per la gastronomia nasce dall\u2019aver vissuto fin da piccola un contrasto tra quella che era la quotidianit\u00e0 in casa con i miei genitori, che avevano magari poco tempo per preoccuparsi di cosa portare in tavola, c'era poca attenzione magari per il prodotto pi\u00f9 che per il momento di convivialit\u00e0 in s\u00e9.\u00a0<\/span><\/p>\n<p><span style=\"font-weight: 400;\">Dall'altra parte invece passavo le estati dai miei nonni in campagna in questo ambiente bucolico tra orto, animali, pane fatto in casa che diciamo ha acceso in me un'attenzione una curiosit\u00e0 sempre maggiore per tutto il mondo gastronomico. Da l\u00ec diciamo che \u00e8 scoppiato un amore che non \u00e8 mai pi\u00f9 infinito. Dopo la laurea Pollenzo inizialmente ho fatto qualche esperienza nel mondo\u00a0 Retail, successivamente sono entrata in Cortilia a inizio 2019 come stage, inizialmente affiancata da persone che avevano una formazione un pochino pi\u00f9 economica quindi mi sentivo un po' il guru della gastronomia successivamente grazie anche all\u2019accrescimento del business, lo sviluppo del business Sono arrivata a ricoprire oggi il ruolo di private label manager.<\/span><\/p>\n<p><span style=\"font-weight: 400;\">Ci\u00f2 che mi ha colpito in Cortilia Inizialmente \u00e8 stato il suo coraggio di andare controcorrente in uno scenario molto competitivo che \u00e8 quello della distribuzione organizzata Cortilia ha fondato questo business su valori come la trasparenza e il rispetto del prodotto in termini di stagionalit\u00e0 ad esempio che non \u00e8 una cosa cos\u00ec scontata e il rispetto per il produttore portandolo appunto direttamente quasi in prima persona a casa del cliente finale.\u00a0<\/span><\/p>\n<p><span style=\"font-weight: 400;\">Parallelamente l'universit\u00e0 di Pollenzo \u00e8 un'universit\u00e0 sincera, trasparente perch\u00e9 ti mostra il mondo alimentare a 360\u00b0. e questo permette ai ragazzi di crearsi un proprio pensiero critico costruttivo. Il consiglio che do ai giovani \u00e8 di avere fame e non sono nel modo in cui noi a Pollenzo sappiamo aver fame ma nel senso di aver fame di conoscenza, fame di curiosit\u00e0. alimentate la vostra passione giorno dopo giorno perch\u00e9 Sono fermamente convinta che questo insieme alla formazione che l'Universit\u00e0 di Pollenzo da ai propri studenti possa creare veramente degli individui con un pensiero critico e con un bagaglio personale e culturale veramente ricco che far\u00e0 s\u00ec che troverete sicuramente il vostro posto nel mondo.<\/span><\/p>\n<p>&nbsp;<\/p>\n<h5><strong>English version<\/strong><\/h5>\n<hr \/>\n<p><i><span style=\"font-weight: 400;\">My passion for gastronomy comes from a contrast, that I experiences in my childhood,\u00a0 between what was my everyday life at home with my parents, who had little time to worry about what to bring to the table and had little attention perhaps for the product more than for the moment of conviviality itself.\u00a0<\/span><\/i><\/p>\n<p><i><span style=\"font-weight: 400;\">On the other hand, I spent the summers with my grandparents in the countryside in this bucolic environment among the vegetable garden, animals, and homemade bread which, let's say, ignited in me ever greater attention and curiosity for the entire gastronomic world. Let\u2019s call it a type f love that never ended. After graduating from Pollenzo my first work experiences were in the retail world, then I joined Cortilia at the beginning of 2019 as an intern, initially supported by people who had an economic-based education so I felt a bit like the guru of gastronomy. Later on thanks also to the growth of the business, and the development of the business I have come to cover the role of private label manager.<\/span><\/i><\/p>\n<p><i><span style=\"font-weight: 400;\">What initially impressed me in Cortilia was its courage to go against the tide in a very competitive scenario which is that of GDO. Cortilia founded this business on values \u200b\u200bsuch as transparency and respect for the product in terms of seasonality, for example, which isn't something so obvious, and respect for the producers bringing the directly to the final customer's home.<\/span><\/i><\/p>\n<p><i><span style=\"font-weight: 400;\">At the same time, the University of Pollenzo is a sincere, transparent university because it shows you the world of food at 360\u00b0. and this allows students to create their own constructive critical thinking. The advice I give to young people is to be hungry, not only in the way we feel hungry in Pollenzo but also being hungry for knowledge, hungry for curiosity. Feed your passion day after day because I am firmly convinced that this, together with the courses that the University of Pollenzo gives to its students, can truly create individuals with critical thinking and with a truly rich personal and cultural baggage that will ensure that they will find your place in the world.<\/span><\/i><\/p>\n<p>&nbsp;<\/p>\n","protected":false},"excerpt":{"rendered":"<p>&nbsp; Leggi l'intervista in italiano (English below) La mia passione per la gastronomia nasce dall\u2019aver vissuto fin da piccola un contrasto tra quella che era la quotidianit\u00e0 in casa con i miei genitori, che avevano magari poco tempo per preoccuparsi di cosa portare in tavola, c'era poca attenzione magari per il prodotto pi\u00f9 che per [&hellip;]<\/p>\n","protected":false},"author":22331,"featured_media":0,"parent":39213,"menu_order":0,"comment_status":"closed","ping_status":"closed","template":"content-page.php","meta":{"_seopress_robots_primary_cat":"0","_seopress_titles_title":"","_seopress_titles_desc":"","_seopress_robots_index":"","footnotes":""},"class_list":["post-72004","page","type-page","status-publish","hentry"],"_links":{"self":[{"href":"https:\/\/www.unisg.it\/en\/wp-json\/wp\/v2\/pages\/72004","targetHints":{"allow":["GET"]}}],"collection":[{"href":"https:\/\/www.unisg.it\/en\/wp-json\/wp\/v2\/pages"}],"about":[{"href":"https:\/\/www.unisg.it\/en\/wp-json\/wp\/v2\/types\/page"}],"author":[{"embeddable":true,"href":"https:\/\/www.unisg.it\/en\/wp-json\/wp\/v2\/users\/22331"}],"replies":[{"embeddable":true,"href":"https:\/\/www.unisg.it\/en\/wp-json\/wp\/v2\/comments?post=72004"}],"version-history":[{"count":0,"href":"https:\/\/www.unisg.it\/en\/wp-json\/wp\/v2\/pages\/72004\/revisions"}],"up":[{"embeddable":true,"href":"https:\/\/www.unisg.it\/en\/wp-json\/wp\/v2\/pages\/39213"}],"wp:attachment":[{"href":"https:\/\/www.unisg.it\/en\/wp-json\/wp\/v2\/media?parent=72004"}],"curies":[{"name":"wp","href":"https:\/\/api.w.org\/{rel}","templated":true}]}}