{"id":64424,"date":"2022-06-07T15:13:46","date_gmt":"2022-06-07T13:13:46","guid":{"rendered":"https:\/\/www.unisg.it\/ex-alumni-network\/"},"modified":"2022-07-15T16:44:41","modified_gmt":"2022-07-15T14:44:41","slug":"unisg-alumni-network","status":"publish","type":"page","link":"https:\/\/www.unisg.it\/en\/unisg-alumni-network\/","title":{"rendered":"Alumni Network"},"content":{"rendered":"<h2><i><span style=\"font-weight: 400;\">The figure of the gastronome is quite recent and not yet fully known. In UNISG, students receive interdisciplinary training, not fully specializing in a single field.<\/span><\/i><\/h2>\n<p>&nbsp;<\/p>\n<h5><i><span style=\"font-weight: 400;\">But do gastronomes really do? Where does a UNISG graduate work at? There is not a single answer; below several examples of former student professions.<\/span><\/i><\/h5>\n<p>&nbsp;<\/p>\n<table style=\"height: 129px;\" width=\"815\">\n<tbody>\n<tr>\n<td width=\"114\"><img alt=\"\" loading=\"lazy\" decoding=\"async\" class=\"alignnone size-medium wp-image-65339\" src=\"https:\/\/www.unisg.it\/assets\/Frncesca-Grazioli-296x300.png\" alt=\"\" width=\"296\" height=\"300\" srcset=\"https:\/\/www.unisg.it\/assets\/Frncesca-Grazioli-296x300.png 296w, https:\/\/www.unisg.it\/assets\/Frncesca-Grazioli-400x405.png 400w, https:\/\/www.unisg.it\/assets\/Frncesca-Grazioli.png 480w\" sizes=\"auto, (max-width: 296px) 100vw, 296px\" \/><\/td>\n<td width=\"529\">\n<p style=\"padding-left: 40px;\"><em>\"A Pollenzo non mi si \u00e8 aperto un mondo, ma un sistema di multiuniversi; UNISG non ti d\u00e0 risposte, per\u00f2 ti d\u00e0 strumenti per affrontare la complessit\u00e0\u201d <\/em><\/p>\n<p style=\"padding-left: 40px;\"><em>Francesca Grazioli, Associate Scientist per Bioversity International.\u00a0<\/em><\/p>\n<\/td>\n<\/tr>\n<\/tbody>\n<\/table>\n<p>&nbsp;<\/p>\n","protected":false},"excerpt":{"rendered":"<p>The figure of the gastronome is quite recent and not yet fully known. In UNISG, students receive interdisciplinary training, not fully specializing in a single field. &nbsp; But do gastronomes really do? Where does a UNISG graduate work at? There is not a single answer; below several examples of former student professions. &nbsp; \"A Pollenzo [&hellip;]<\/p>\n","protected":false},"author":4,"featured_media":0,"parent":0,"menu_order":0,"comment_status":"closed","ping_status":"closed","template":"template-archive-aree-lavoro.php","meta":{"_seopress_robots_primary_cat":"0","_seopress_titles_title":"","_seopress_titles_desc":"","_seopress_robots_index":"","footnotes":""},"class_list":["post-64424","page","type-page","status-publish","hentry"],"_links":{"self":[{"href":"https:\/\/www.unisg.it\/en\/wp-json\/wp\/v2\/pages\/64424","targetHints":{"allow":["GET"]}}],"collection":[{"href":"https:\/\/www.unisg.it\/en\/wp-json\/wp\/v2\/pages"}],"about":[{"href":"https:\/\/www.unisg.it\/en\/wp-json\/wp\/v2\/types\/page"}],"author":[{"embeddable":true,"href":"https:\/\/www.unisg.it\/en\/wp-json\/wp\/v2\/users\/4"}],"replies":[{"embeddable":true,"href":"https:\/\/www.unisg.it\/en\/wp-json\/wp\/v2\/comments?post=64424"}],"version-history":[{"count":11,"href":"https:\/\/www.unisg.it\/en\/wp-json\/wp\/v2\/pages\/64424\/revisions"}],"predecessor-version":[{"id":65390,"href":"https:\/\/www.unisg.it\/en\/wp-json\/wp\/v2\/pages\/64424\/revisions\/65390"}],"wp:attachment":[{"href":"https:\/\/www.unisg.it\/en\/wp-json\/wp\/v2\/media?parent=64424"}],"curies":[{"name":"wp","href":"https:\/\/api.w.org\/{rel}","templated":true}]}}