{"id":11818,"date":"2013-08-27T11:56:27","date_gmt":"2013-08-27T09:56:27","guid":{"rendered":"https:\/\/www.unisg.it\/cheese-2013-2\/"},"modified":"2015-06-17T15:00:20","modified_gmt":"2015-06-17T13:00:20","slug":"cheese-2013","status":"publish","type":"page","link":"https:\/\/www.unisg.it\/en\/cheese-2013\/","title":{"rendered":"Cheese 2013"},"content":{"rendered":"<p><a href=\"https:\/\/www.unisg.it\/assets\/cheese2013.jpg\"><img loading=\"lazy\" decoding=\"async\" class=\"aligncenter\" alt=\"cheese2013\" src=\"https:\/\/www.unisg.it\/assets\/cheese2013.jpg\" width=\"725\" height=\"210\" \/><\/a><\/p>\n<p>&nbsp;<\/p>\n<p>True to tradition, the\u00a0<strong>University of Gastronomic Sciences will be present at Cheese 2013<\/strong>\u00a0with a number of initiatives.\u00a0At the University\u2019s large stand in Piazza XX Settembre, it will be possible not only to receive information about courses and meet lecturers and staff, but also to take part in educational activities over the four days of the Cheese event.<\/p>\n<p>The University itself will also stay open for the duration of Cheese. Activities and meetings will be staged at its prestigious Pollenzo campus in conjunction with the Bra event, and it will be possible to visit every day from 10am to 4pm.<\/p>\n<p>Here is the UNISG day-by-day calendar of events in both Bra and Pollenzo.<\/p>\n<p>&nbsp;<\/p>\n<h3 style=\"text-align: center;\"><b>@ POLLENZO<\/b><\/h3>\n<p>&nbsp;<\/p>\n<p><b>Thursday September 19 2013<\/b><\/p>\n<p>7 pm \u2013 \u201c<i>Cheese Premiere<\/i>\u201d\u00a0Stand-up dinner at the Albergo dell\u2019Agenzia hotel, the UNISG \u201cAcademic Tables\u201d cafeteria and the Wine Bank (free admission, pay as you eat).\u00a0Tastings of bread, butter and anchovies; Slow Food Presidium Roccaverano cheese; risotto with\u00a0<i>burrata<\/i>\u00a0from Puglia; dishes by the young chefs of the Academic Tables; pizza by Renato Bosco\u2019s Pizzeria Sapor\u00e9 in San Martino Buon Albergo (Verona); a selection of wines courtesy of the Wine Bank. All to the Balcan-Mediterranean sound of the Kachupa Folk Band.<\/p>\n<p><b>Friday September 20 2013<\/b><\/p>\n<p>8.30 am \u2013 Academic Tables cafeteria - \u201cBreakfast at the UNISG\u201d<\/p>\n<p>10 am \u2013 guided tour of the UNISG with meeting and departure point under the main Agenzia di Pollenzo entrance archway.<\/p>\n<p>3 pm \u2013 Wine Bank - \u201c<i>Valtellina Vertical<\/i>\u201d Taste Workshop.\u00a0With Paolo Ciapparelli, head of the Bitto Storico cheese protection consortium and Michele Forni, head of the Valtellina wine consortium. Slow Food Presidium Bitto Storico, a mountain cheese, served at five different degrees of maturation with Valtellina Superiore and Sforzato wine from five of the valley\u2019s historic cellars.<\/p>\n<p>4pm \u2013 guided tour of the UNISG with meeting and departure point under the main Agenzia di Pollenzo entrance archway.<\/p>\n<p>8pm \u2013 Academic Tables cafeteria,\u00a0 \u201c<i>Dinner Date \u2013 Purely Academic<\/i>\u201d.\u00a0Dinner with the chefs of the Academic Tables dedicated to popular cheese-related stereotypes and clich\u00e9s.<\/p>\n<p><b>Saturday September 21 2013<\/b><\/p>\n<p>10 am \u2013 guided tour of the UNISG with meeting and departure point under the main Agenzia di Pollenzo entrance archway.<\/p>\n<p>1 pm \u2013 Wine Bank - \u201c<i>Fattorie Fiandino, butter since 1889<\/i>\u201d Taste Workshop.\u00a0Fattorie Fiandino, a farm situated between Cuneo and Saluzzo, not only produces raw-milk cheese, but has also been famous for its butter\u2014 since 1889. Under the expert guidance of Beppe \u201cGepis\u201d Barbero, chef of the Cooperativa i Tarocchi, now head of the Academic Tables, a tasting of traditional and salted butter, accompanied by the new Contratto spumantes of Andrea and Giorgio Rivetti.<\/p>\n<p>3 pm \u2013 Aula Miroglio, UNISG Cascina Albertina - \u201c<i>The Vine, the Cow and the Moon<\/i>\u201d, a Taste Workshop organized by the UNISG Alumni Association.\u00a0A chance to find out more about biodynamic cheese and natural wine. Tastings of Italian dairy products made according to Rudolf\u00a0 Steiner\u2019s theory of anthroposophy, among which\u00a0 the cheeses of Cascina degli Ulivi in Novi Ligure (Alessandria) and the Slow Food Presidium Tuma di pecora delle Langhe, a sheep\u2019s cheese, made by Anna Maria Trombetta in Paroldo (Cuneo). The workshop is organized by the Alumni Association of the University of Gastronomic Sciences, through which students keep alive the precious network of contacts built up during their years of study in Pollenzo.<\/p>\n<p>4 pm \u2013 guided tour of the UNISG with meeting and departure point under the main Agenzia di Pollenzo entrance archway.<\/p>\n<p>8 pm \u2013 Albergo dell\u2019Agenzia hotel - \u201c<i>Dinner Date \u2013<\/i>\u00a0<i>The Cooks-Slow Food Presidia Alliance discovers world flavors<\/i>\u201d.\u00a0Italian, Dutch and Moroccan chefs committed to the everyday defense of biodiversity and sustainable agriculture will explain how to save world flavors with their dishes. Doing the honors, chef Pierpaolo Livorno. Wines courtesy of the Consortium for the protection of Franciacorta and the Abruzzo-based cellar Citra.<\/p>\n<p><b>Sunday September 22 2013<\/b><\/p>\n<p>10am \u2013 guided tour of the UNISG with meeting and departure point under the main Agenzia di Pollenzo entrance archway.<\/p>\n<p>4pm \u2013 guided tour of the UNISG with meeting and departure point under the main Agenzia di Pollenzo entrance archway.<\/p>\n<p>4pm \u2013 Wine Bank - \u201c<i>From Po to Oltrep\u00f2, no agriculture for old men\u201d\u00a0<\/i>Taste Workshop<i>.\u00a0<\/i>In the province of Cremona area, more and more young farmer-entrepreneurs are banking on the local area to produce fine foods. Luca Grasselli runs the Lagoscuro farm with his family, producing organic cow\u2019s cheeses, growing fruit and vegetables and also running a restaurant. Nearby, Carlo Fiorani has taken over the reins of his family\u2019s farm to produce cereals, which he uses to make fantastic bread, and to breed pigs for excellent cured meats. Luca and Carlo are both former UNISG students. Cantina Monsupello will lay on the wines.<b>\u00a0<\/b><\/p>\n<p><b>Monday September\u00a0 23 2013<\/b><\/p>\n<p>10am \u2013 guided tour of the UNISG with meeting and departure point under the main Agenzia di Pollenzo entrance archway.<\/p>\n<p>&nbsp;<\/p>\n<p>&nbsp;<\/p>\n<h3 style=\"text-align: center;\"><b>@ BRA<\/b><\/h3>\n<p>&nbsp;<\/p>\n<p><b>Friday September 20 2013<\/b><\/p>\n<p>12 noon - UNISG stand \u2013 Presentation of the new\u00a0<i>\u201cHigh Apprenticeship\u201d\u00a0<\/i>courses. Meeting the artisans.\u00a0<i>\u201cThe job of the affineur: a profession for the future<\/i>\u201d.\u00a0A meeting, followed by a tasting, with Giovanni Guffanti Fiori, a member of the fifth generation of affineurs at Guffanti-Fiori, founded in Arona in 1876, a firm specialized in sourcing and aging the finest Italian and foreign cheeses. For years they have also promoted and protected raw milk mountain cheeses and small-scale craft cheeses.<\/p>\n<p>3pm \u2013 UNISG stand \u2013 \u201c<i>Granaries of Memory: Open Discovery Space \u2013 Recovering and discovering the flavors of cheese\u201d\u00a0<\/i>conference and tasting<i>.\u00a0<\/i>A meeting organized in collaboration with the University of Trieste in which Piercarlo Grimaldi, dean and lecturer at the UNISG, and Dott. Michele Fontefrancesco, anthropologist and UNISG postdoctoral fellow, will present the \u201cGranaries of Memory\u201d, a partner on the European Open Discovery Space project, explaining how they are a resource for the study, promotion and teaching of the theory and practice of cheese production.\u00a0A cheese tasting will follow.<\/p>\n<p>5pm \u2013 UNISG stand \u2013\u00a0<i>Sensory Analysis Workshop<\/i>.\u00a0Under the expert guidance of Dottoressa Luisa Torri, a lecturer on the Gastronomic Measurement Workshop course, and Dottoressa Maria Piochi, a UNISG postdoctoral fellow, a chance to find out more about the principal sensory evaluation techniques applied to different foods as a means of comparing them and judging their quality.<\/p>\n<p>7pm \u2013UNISG stand \u2013 \u201c<i>Blue cheeses on either side of the Channel<\/i>\u201d, a lecture by Cristiano De Riccardis, a UNISG Master course lecturer, with a tasting of four blue cheeses from Italy, France and the United Kingdom.<\/p>\n<p><b>Saturday September 21 2013<\/b><\/p>\n<p>12 noon \u2013 UNISG stand \u2013\u201c<i>Alpine shepherds and affineurs in the land of red-tape\u201d\u00a0<\/i>conference and tasting.\u00a0With cheesemonger and affineur Franco Parola and Avvocato Massimo Tribolo. Moderator Prof. Michele Fino, lecturer in EU Food Law and Institutions at the UNISG.<\/p>\n<p>3 pm - UNISG stand \u2013 Presentation of the new\u00a0<i>\u201cHigh Apprenticeship\u201d courses.\u00a0<\/i>Meeting the artisans.\u00a0<i>\u201cThe job of the affineur: a profession for the future<\/i>\u201d.\u00a0Meeting, followed by a tasting, with Laurent Mons, ma\u00eetre affineur, and Susan Sturman, a lecturer at Opus Caseus Concept, a vocational training centre for dairy workers and cheesemakers founded in 2001 by Laurent and his brother Herv\u00e9. The Mons family have been making and aging cheese in the Auvergne since 1964, and Laurent and Herv\u00e9 are carrying on the tradition with great passion and commitment. In 2000 Herv\u00e9 was nominated Meilleur Ouvrier de France,\uf020 a prestigious recognition reserved for distinguished artisans.<\/p>\n<p>5 pm \u2013 UNISG stand \u2013\u00a0<i>Sensory Analysis Workshop<\/i>.\u00a0Under the expert guidance of Dottoressa Luisa Torri, a lecturer on the Gastronomic Measurement Workshop course, and Dottoressa Maria Piochi, a UNISG postdoctoral fellow, a chance to find out more about the principal sensory evaluation techniques applied to different foods as a means of comparing them and judging their quality.<\/p>\n<p>7pm \u2013 UNISG stand \u2013 \u201c<i>Blue cheeses on either side of the Channel<\/i>\u201d, a lecture by Cristiano De Riccardis, UNISG Master courses lecturer, with a tasting of four blue cheeses from Italy, France and the United Kingdom.<\/p>\n<p><b>Sunday September 22 2013<\/b><\/p>\n<p>12 noon \u2013 UNISG stand \u2013 Presentation of the new\u00a0<i>\u201cHigh Apprenticeship\u201d courses.\u00a0<\/i>Meeting the artisans.\u00a0<i>\u201cThe job of the affineur: a profession for the future<\/i>\u201d.\u00a0Meeting, followed by a tasting, with Hansi Baumgartner and Marcella De Vita, affineur and marketing manager at DeGust in Alto Adige. A former Michelin-starred chef, one of the first in the region, Baumgartner is nicknamed the \u201cmilk goldsmith\u201d. In 1995 he founded DeGust, where he combines cheese with the most unusual ingredients and ages them using both traditional and avant-garde preservation methods.<\/p>\n<p>3 pm \u2013 UNISG stand \u2013 Conference on \u201c<i>Differentiation and sensory characterization of mountain Parmigiano Reggiano<\/i>\u201d, the title of the degree thesis of the UNISG graduate Francesca Guastella. The event will be presented by Dottoressa Luisa Torri, a lecturer on the Gastronomic Measurement Workshop course, and Dottoressa Maria Piochi, a UNISG postdoctoral fellow, and will be followed by a tasting of Parmigiano Reggiano.<\/p>\n<p>5 pm \u2013 UNISG stand \u2013\u00a0<i>Sensory Analysis Workshop<\/i>.\u00a0Under the expert guidance of Dottoressa Luisa Torri, a lecturer on the Gastronomic Measurement Workshop course, and Dottoressa Maria Piochi, a UNISG postdoctoral fellow, a chance to find out more about the principal sensory evaluation techniques applied to different foods as a means of comparing them and judging their quality.<\/p>\n<p>7 pm \u2013 UNISG stand \u2013 \u201c<i>The Cascina Lago Scuro project: cultivating, processing and educating. The polyfunctional farm and its relationship with food<\/i>\u201d conference with tasting.\u00a0The project will be presented by Luca Grasselli, a graduate from the UNISG Master in Food Culture and Communications course, now the owner of Cascina Lago Scuro, a farm in Stagno Lombardo (Cremona). Converted to organics in 1993 and now certified, it houses a dairy, a vegetable garden, a workshop with kitchen and a cr\u00e8che. The evening will be rounded off by a tasting of four Lago Scuro cheeses and sourdough bread.<\/p>\n<p><b>Monday September 23 2013<\/b><\/p>\n<p>5pm \u2013 UNISG stand \u2013\u00a0<i>Sensory Analysis Workshop<\/i>.\u00a0Under the expert guidance of Dottoressa Luisa Torri, a lecturer on the Gastronomic Measurement Workshop course, and Dottoressa Maria Piochi, a UNISG postdoctoral fellow, a chance to find out more about the principal sensory evaluation techniques applied to different foods as a means of comparing them and judging their quality.<\/p>\n<p>&nbsp;<\/p>\n<h3 style=\"text-align: center;\"><b>PLUS\u2026<\/b><\/h3>\n<p><b>\u00a0<\/b><\/p>\n<p><b>UNISG students and the Ark of Taste<\/b><\/p>\n<p>A group of UNISG students, members of the University\u2019s Slow Food convivium, will be working on the Ark of Taste cheese project during the Cheese event.\u00a0Throughout the event, Piazza Valfr\u00e9 di Bonzo, Bra\u2019s old chicken market, will be used as a space for producers, farmers and visitors to bring cheeses they deem worthy of protecting and have them catalogued and included in the Ark project.\u00a0Slow Food is currently \u201cloading\u201d endangered cheeses onto the Ark of Taste and the UNISG students will be helping out with this important and symbolic task, one of the highlights of the entire event.<\/p>\n<p>&nbsp;<\/p>\n<p><b>\u00a0<\/b><\/p>\n<p><b>UNISG Students and Food Education<\/b><\/p>\n<p>UNISG students are also collaborating in the sector dedicated to food education with the \u201cBe a Knight of the Round Provola\u201d activity, in which they will organize games and tell fables to teach children about cheese and other dairy produce. The activity will be staged in the Area Educa of the Slow Food stand on Saturday 21 and Sunday 22 at 5.30pm. Admission will be free, but to take part it is necessary to register beforehand or directly at the Area Educa. <strong>Book now:<\/strong>\u00a0<a href=\"mailto: prenotazioni.educazione@slowfood.it\" target=\"_blank\">prenotazioni.educazione@slowfood.it<\/a><\/p>\n<p>&nbsp;<\/p>\n<p>&nbsp;<\/p>\n<p><b>AN HONORARY DEGREE FOR ERMANNO OLMI<\/b><\/p>\n<p>In the course of special ceremony on<b>\u00a0Monday September 23 2013<\/b>, at\u00a0<b>3.30pm<\/b>\u00a0at the\u00a0<b>Teatro Politeama Boglione\u00a0<\/b>in<b>\u00a0<\/b>Piazza Carlo Alberto 23, Bra, the film director and screenwriter Ermanno Olmi will be bestowed with an honorary degree in recognition of his years of passionate work on the peasant world, marked by respect for nature and small things and sensitivity towards the themes around which the our University revolves. The ceremony will be opened by Carlo Petrini, president of the University of Gastronomic Sciences, and the laudatio will be delivered by Prof. Piercarlo Grimaldi. After receiving the degree, Ermanno Olmi will hold his Lectio Magistralis.<\/p>\n<p>&nbsp;<\/p>\n<p style=\"text-align: center;\">\n","protected":false},"excerpt":{"rendered":"<p>&nbsp; True to tradition, the\u00a0University of Gastronomic Sciences will be present at Cheese 2013\u00a0with a number of initiatives.\u00a0At the University\u2019s large stand in Piazza XX Settembre, it will be possible not only to receive information about courses and meet lecturers and staff, but also to take part in educational activities over the four days of [&hellip;]<\/p>\n","protected":false},"author":22331,"featured_media":0,"parent":0,"menu_order":23,"comment_status":"closed","ping_status":"open","template":"content-page.php","meta":{"_seopress_robots_primary_cat":"0","_seopress_titles_title":"","_seopress_titles_desc":"","_seopress_robots_index":"","footnotes":""},"class_list":["post-11818","page","type-page","status-publish","hentry"],"_links":{"self":[{"href":"https:\/\/www.unisg.it\/en\/wp-json\/wp\/v2\/pages\/11818","targetHints":{"allow":["GET"]}}],"collection":[{"href":"https:\/\/www.unisg.it\/en\/wp-json\/wp\/v2\/pages"}],"about":[{"href":"https:\/\/www.unisg.it\/en\/wp-json\/wp\/v2\/types\/page"}],"author":[{"embeddable":true,"href":"https:\/\/www.unisg.it\/en\/wp-json\/wp\/v2\/users\/22331"}],"replies":[{"embeddable":true,"href":"https:\/\/www.unisg.it\/en\/wp-json\/wp\/v2\/comments?post=11818"}],"version-history":[{"count":0,"href":"https:\/\/www.unisg.it\/en\/wp-json\/wp\/v2\/pages\/11818\/revisions"}],"wp:attachment":[{"href":"https:\/\/www.unisg.it\/en\/wp-json\/wp\/v2\/media?parent=11818"}],"curies":[{"name":"wp","href":"https:\/\/api.w.org\/{rel}","templated":true}]}}